{"id":136,"date":"2019-03-12T21:47:54","date_gmt":"2019-03-13T01:47:54","guid":{"rendered":"https:\/\/grandyandmartin.com\/?page_id=136"},"modified":"2019-10-10T18:19:28","modified_gmt":"2019-10-10T22:19:28","slug":"personal-injury","status":"publish","type":"page","link":"https:\/\/grandyandmartin.com\/es\/personal-injury\/","title":{"rendered":"Lesiones personales"},"content":{"rendered":"<div data-elementor-type=\"wp-post\" data-elementor-id=\"136\" class=\"elementor elementor-136\">\n\t\t\t\t\t\t<section class=\"elementor-section elementor-top-section elementor-element elementor-element-dd9353d elementor-section-stretched elementor-section-boxed elementor-section-height-default elementor-section-height-default\" data-id=\"dd9353d\" data-element_type=\"section\" data-settings=\"{&quot;stretch_section&quot;:&quot;section-stretched&quot;,&quot;background_background&quot;:&quot;classic&quot;}\">\n\t\t\t\t\t\t<div class=\"elementor-container elementor-column-gap-default\">\n\t\t\t\t\t<div class=\"elementor-column elementor-col-100 elementor-top-column elementor-element elementor-element-985e5c1\" data-id=\"985e5c1\" data-element_type=\"column\">\n\t\t\t<div class=\"elementor-widget-wrap elementor-element-populated\">\n\t\t\t\t\t\t<div class=\"elementor-element elementor-element-a98e92f elementor-widget elementor-widget-text-editor\" data-id=\"a98e92f\" data-element_type=\"widget\" data-widget_type=\"text-editor.default\">\n\t\t\t\t<div class=\"elementor-widget-container\">\n\t\t\t\t\t\t\t\t\t<p>Lesiones personales<\/p>\t\t\t\t\t\t\t\t<\/div>\n\t\t\t\t<\/div>\n\t\t\t\t\t<\/div>\n\t\t<\/div>\n\t\t\t\t\t<\/div>\n\t\t<\/section>\n\t\t\t\t<section class=\"elementor-section elementor-top-section elementor-element elementor-element-7e02fe7 elementor-section-boxed elementor-section-height-default elementor-section-height-default\" data-id=\"7e02fe7\" data-element_type=\"section\">\n\t\t\t\t\t\t<div class=\"elementor-container elementor-column-gap-default\">\n\t\t\t\t\t<div class=\"elementor-column elementor-col-50 elementor-top-column elementor-element elementor-element-3465428\" data-id=\"3465428\" data-element_type=\"column\">\n\t\t\t<div class=\"elementor-widget-wrap elementor-element-populated\">\n\t\t\t\t\t\t<div class=\"elementor-element elementor-element-da9bf1a elementor-widget elementor-widget-heading\" data-id=\"da9bf1a\" data-element_type=\"widget\" data-widget_type=\"heading.default\">\n\t\t\t\t<div class=\"elementor-widget-container\">\n\t\t\t\t\t<h2 class=\"elementor-heading-title elementor-size-default\">Abogados de Lesiones Personales en Charlotte, NC <\/h2>\t\t\t\t<\/div>\n\t\t\t\t<\/div>\n\t\t\t\t\t<\/div>\n\t\t<\/div>\n\t\t\t\t<div class=\"elementor-column elementor-col-50 elementor-top-column elementor-element elementor-element-758ea9d\" data-id=\"758ea9d\" data-element_type=\"column\">\n\t\t\t<div class=\"elementor-widget-wrap elementor-element-populated\">\n\t\t\t\t\t\t<div class=\"elementor-element elementor-element-9c8a9c7 elementor-widget elementor-widget-image\" data-id=\"9c8a9c7\" data-element_type=\"widget\" data-widget_type=\"image.default\">\n\t\t\t\t<div class=\"elementor-widget-container\">\n\t\t\t\t\t\t\t\t\t\t\t\t\t\t\t<img fetchpriority=\"high\" decoding=\"async\" width=\"1024\" height=\"645\" src=\"https:\/\/grandyandmartin.com\/wp-content\/uploads\/2019\/03\/personal-injury-attorney-1024x645.png\" class=\"attachment-large size-large wp-image-139\" alt=\"Car accident lawyers Charlotte, NC\" srcset=\"https:\/\/grandyandmartin.com\/wp-content\/uploads\/2019\/03\/personal-injury-attorney-1024x645.png 1024w, https:\/\/grandyandmartin.com\/wp-content\/uploads\/2019\/03\/personal-injury-attorney-300x189.png 300w, https:\/\/grandyandmartin.com\/wp-content\/uploads\/2019\/03\/personal-injury-attorney-768x484.png 768w, https:\/\/grandyandmartin.com\/wp-content\/uploads\/2019\/03\/personal-injury-attorney.png 1200w\" sizes=\"(max-width: 1024px) 100vw, 1024px\" \/>\t\t\t\t\t\t\t\t\t\t\t\t\t\t\t<\/div>\n\t\t\t\t<\/div>\n\t\t\t\t\t<\/div>\n\t\t<\/div>\n\t\t\t\t\t<\/div>\n\t\t<\/section>\n\t\t\t\t<section class=\"elementor-section elementor-top-section elementor-element elementor-element-05b84d1 elementor-section-boxed elementor-section-height-default elementor-section-height-default\" data-id=\"05b84d1\" data-element_type=\"section\">\n\t\t\t\t\t\t<div class=\"elementor-container elementor-column-gap-default\">\n\t\t\t\t\t<div class=\"elementor-column elementor-col-100 elementor-top-column elementor-element elementor-element-03cd341\" data-id=\"03cd341\" data-element_type=\"column\">\n\t\t\t<div class=\"elementor-widget-wrap elementor-element-populated\">\n\t\t\t\t\t\t<div class=\"elementor-element elementor-element-2303de4 elementor-widget elementor-widget-text-editor\" data-id=\"2303de4\" data-element_type=\"widget\" data-widget_type=\"text-editor.default\">\n\t\t\t\t<div class=\"elementor-widget-container\">\n\t\t\t\t\t\t\t\t\t<div id=\"i8z640vw\" class=\"txtNew\" data-packed=\"false\" data-min-height=\"200\"><p class=\"font_8\"><span class=\"color_15\">Si ha sido lesionado en un accidente, una compa\u00f1\u00eda de seguros puede tentarlo con un arreglo r\u00e1pido. Resiste esa tentaci\u00f3n. Siempre habr\u00e1 aspectos de su reclamo que no podr\u00e1 anticipar. Deja que Grandy y Martin, PA sean tus defensores.<\/span><\/p><p class=\"font_8\"><span style=\"font-size: 1em;\">Durante m\u00e1s de 30 a\u00f1os, hemos ayudado a los clientes a buscar una compensaci\u00f3n por gastos m\u00e9dicos, rehabilitaci\u00f3n, p\u00e9rdida de salarios, discapacidad permanente, dolor y sufrimiento y otros costos asociados con lesiones graves. Realizaremos una investigaci\u00f3n exhaustiva para establecer la validez de su reclamo. Desde all\u00ed, nos esforzaremos por la mejor resoluci\u00f3n posible, ya sea a trav\u00e9s de negociaciones de acuerdos o litigios agresivos.<\/span><\/p><p class=\"font_8\"><span class=\"color_15\">Nuestra pr\u00e1ctica de lesiones personales se centra en las siguientes \u00e1reas:<\/span><\/p><\/div><div id=\"i8z64yhe\" class=\"txtNew\" data-packed=\"false\" data-min-height=\"648\"><ul class=\"font_8 color_35\"><li><p class=\"font_8\"><span class=\"color_35\">Accidentes de veh\u00edculos motorizados: representamos a clientes que han sido lesionados en accidentes de autom\u00f3vil, cami\u00f3n, motocicleta, canotaje, bicicleta, peatones y transporte p\u00fablico.<\/span><\/p><\/li><li><p class=\"font_8\"><span class=\"color_35\">Responsabilidad de las instalaciones: si ha sido herido en un accidente de resbal\u00f3n y ca\u00edda o debido a la negligencia del propietario de un negocio o su propietario, podemos ayudarlo.<\/span><\/p><\/li><li><p class=\"font_8\"><span class=\"color_35\">Accidentes de construcci\u00f3n: muchas personas que resultan lesionadas en accidentes de construcci\u00f3n tienen lesiones personales y reclamos de indemnizaci\u00f3n laboral. Tenemos experiencia con estos casos.<\/span><\/p><\/li><li><p class=\"font_8\"><span class=\"color_35\">Mordeduras de perros: los due\u00f1os de perros deben mantener a sus perros bajo control y pueden ser responsables de los ataques que causen lesiones.<\/span><\/p><\/li><li><p class=\"font_8\"><span class=\"color_35\">Responsabilidad del producto: los productos defectuosos pueden causar da\u00f1os graves. Nuestros abogados buscan una compensaci\u00f3n de los fabricantes y minoristas.<\/span><\/p><\/li><li><p class=\"font_8\"><span class=\"color_35\">Reclamos contra gobiernos estatales y locales: si tiene un reclamo contra una entidad p\u00fablica, su abogado debe comprender las leyes exclusivas que se aplican.<\/span><\/p><\/li><li><p class=\"font_8\"><span class=\"color_35\">Accidentes que involucran a ni\u00f1os: Nuestros abogados tienen a los conductores, cuidadores, administradores escolares y otros en el nivel m\u00e1s alto de cuidado y seguridad con respecto a los ni\u00f1os.<\/span><\/p><\/li><li><p class=\"font_8\"><span class=\"color_35\">Muerte por negligencia: Si ha perdido a un familiar cercano en un accidente fatal, lucharemos para que se haga justicia.<br \/><\/span><span style=\"font-size: 1em;\"><br \/>Abogados de Accidentes de Charlotte con experiencia<\/span><\/p><\/li><\/ul><\/div><div id=\"i8z65ems\" class=\"txtNew\" data-packed=\"false\" data-min-height=\"156\"><p class=\"font_8\">Grandy &amp; Martin luchar\u00e1 por los da\u00f1os que realmente reflejen las p\u00e9rdidas de nuestros clientes. Luchamos por la justicia. Luchamos para proteger tus derechos. Luchamos por ti. Si su caso no puede resolverse de manera justa a trav\u00e9s de un acuerdo, estamos completamente preparados para litigar en su nombre.<\/p><p class=\"font_8\">Nuestra representaci\u00f3n no termina con el acuerdo de su caso. Trabajaremos para usted hasta que se paguen sus facturas y se finalice su reclamo. Ll\u00e1menos para programar su consulta gratuita con un abogado experimentado en lesiones personales.<\/p><\/div>\t\t\t\t\t\t\t\t<\/div>\n\t\t\t\t<\/div>\n\t\t\t\t<div class=\"elementor-element elementor-element-34d8478 elementor-widget elementor-widget-heading\" data-id=\"34d8478\" data-element_type=\"widget\" data-widget_type=\"heading.default\">\n\t\t\t\t<div class=\"elementor-widget-container\">\n\t\t\t\t\t<h2 class=\"elementor-heading-title elementor-size-default\">Programe su consulta gratuita hoy: 704-377-2400<\/h2>\t\t\t\t<\/div>\n\t\t\t\t<\/div>\n\t\t\t\t\t<\/div>\n\t\t<\/div>\n\t\t\t\t\t<\/div>\n\t\t<\/section>\n\t\t\t\t<\/div>","protected":false},"excerpt":{"rendered":"<p>Personal Injury Personal Injury Lawyers in Charlotte, NC If you have been injured in an accident, an insurance company may tempt you with a quick settlement. Resist that temptation. There will always be aspects of your claim that you will fail to anticipate. Let Grandy &amp; Martin, P.A. be your advocates. For over 30 years [&hellip;]<\/p>\n","protected":false},"author":1,"featured_media":0,"parent":0,"menu_order":0,"comment_status":"closed","ping_status":"closed","template":"elementor_header_footer","meta":{"_monsterinsights_skip_tracking":false,"_monsterinsights_sitenote_active":false,"_monsterinsights_sitenote_note":"","_monsterinsights_sitenote_category":0,"site-sidebar-layout":"default","site-content-layout":"","ast-site-content-layout":"default","site-content-style":"default","site-sidebar-style":"default","ast-global-header-display":"","ast-banner-title-visibility":"","ast-main-header-display":"","ast-hfb-above-header-display":"","ast-hfb-below-header-display":"","ast-hfb-mobile-header-display":"","site-post-title":"","ast-breadcrumbs-content":"","ast-featured-img":"","footer-sml-layout":"","ast-disable-related-posts":"","theme-transparent-header-meta":"","adv-header-id-meta":"","stick-header-meta":"","header-above-stick-meta":"","header-main-stick-meta":"","header-below-stick-meta":"","astra-migrate-meta-layouts":"default","ast-page-background-enabled":"default","ast-page-background-meta":{"desktop":{"background-color":"var(--ast-global-color-4)","background-image":"","background-repeat":"repeat","background-position":"center center","background-size":"auto","background-attachment":"scroll","background-type":"","background-media":"","overlay-type":"","overlay-color":"","overlay-opacity":"","overlay-gradient":""},"tablet":{"background-color":"","background-image":"","background-repeat":"repeat","background-position":"center center","background-size":"auto","background-attachment":"scroll","background-type":"","background-media":"","overlay-type":"","overlay-color":"","overlay-opacity":"","overlay-gradient":""},"mobile":{"background-color":"","background-image":"","background-repeat":"repeat","background-position":"center center","background-size":"auto","background-attachment":"scroll","background-type":"","background-media":"","overlay-type":"","overlay-color":"","overlay-opacity":"","overlay-gradient":""}},"ast-content-background-meta":{"desktop":{"background-color":"var(--ast-global-color-5)","background-image":"","background-repeat":"repeat","background-position":"center center","background-size":"auto","background-attachment":"scroll","background-type":"","background-media":"","overlay-type":"","overlay-color":"","overlay-opacity":"","overlay-gradient":""},"tablet":{"background-color":"var(--ast-global-color-5)","background-image":"","background-repeat":"repeat","background-position":"center center","background-size":"auto","background-attachment":"scroll","background-type":"","background-media":"","overlay-type":"","overlay-color":"","overlay-opacity":"","overlay-gradient":""},"mobile":{"background-color":"var(--ast-global-color-5)","background-image":"","background-repeat":"repeat","background-position":"center center","background-size":"auto","background-attachment":"scroll","background-type":"","background-media":"","overlay-type":"","overlay-color":"","overlay-opacity":"","overlay-gradient":""}},"footnotes":""},"_links":{"self":[{"href":"https:\/\/grandyandmartin.com\/es\/wp-json\/wp\/v2\/pages\/136"}],"collection":[{"href":"https:\/\/grandyandmartin.com\/es\/wp-json\/wp\/v2\/pages"}],"about":[{"href":"https:\/\/grandyandmartin.com\/es\/wp-json\/wp\/v2\/types\/page"}],"author":[{"embeddable":true,"href":"https:\/\/grandyandmartin.com\/es\/wp-json\/wp\/v2\/users\/1"}],"replies":[{"embeddable":true,"href":"https:\/\/grandyandmartin.com\/es\/wp-json\/wp\/v2\/comments?post=136"}],"version-history":[{"count":13,"href":"https:\/\/grandyandmartin.com\/es\/wp-json\/wp\/v2\/pages\/136\/revisions"}],"predecessor-version":[{"id":2255,"href":"https:\/\/grandyandmartin.com\/es\/wp-json\/wp\/v2\/pages\/136\/revisions\/2255"}],"wp:attachment":[{"href":"https:\/\/grandyandmartin.com\/es\/wp-json\/wp\/v2\/media?parent=136"}],"curies":[{"name":"wp","href":"https:\/\/api.w.org\/{rel}","templated":true}]}}