{"id":146,"date":"2019-03-12T21:57:45","date_gmt":"2019-03-13T01:57:45","guid":{"rendered":"https:\/\/grandyandmartin.com\/?page_id=146"},"modified":"2019-10-10T18:15:34","modified_gmt":"2019-10-10T22:15:34","slug":"workers-compensation","status":"publish","type":"page","link":"https:\/\/grandyandmartin.com\/es\/workers-compensation\/","title":{"rendered":"Compensaci\u00f3n laboral"},"content":{"rendered":"<div data-elementor-type=\"wp-post\" data-elementor-id=\"146\" class=\"elementor elementor-146\">\n\t\t\t\t\t\t<section class=\"elementor-section elementor-top-section elementor-element elementor-element-12d599ff elementor-section-stretched elementor-section-boxed elementor-section-height-default elementor-section-height-default\" data-id=\"12d599ff\" data-element_type=\"section\" data-settings=\"{&quot;stretch_section&quot;:&quot;section-stretched&quot;,&quot;background_background&quot;:&quot;classic&quot;}\">\n\t\t\t\t\t\t<div class=\"elementor-container elementor-column-gap-default\">\n\t\t\t\t\t<div class=\"elementor-column elementor-col-100 elementor-top-column elementor-element elementor-element-60537b22\" data-id=\"60537b22\" data-element_type=\"column\">\n\t\t\t<div class=\"elementor-widget-wrap elementor-element-populated\">\n\t\t\t\t\t\t<div class=\"elementor-element elementor-element-fc22235 elementor-widget elementor-widget-text-editor\" data-id=\"fc22235\" data-element_type=\"widget\" data-widget_type=\"text-editor.default\">\n\t\t\t\t<div class=\"elementor-widget-container\">\n\t\t\t\t\t\t\t\t\t<p>Compensaci\u00f3n de Trabajadores<\/p>\t\t\t\t\t\t\t\t<\/div>\n\t\t\t\t<\/div>\n\t\t\t\t\t<\/div>\n\t\t<\/div>\n\t\t\t\t\t<\/div>\n\t\t<\/section>\n\t\t\t\t<section class=\"elementor-section elementor-top-section elementor-element elementor-element-1e9bb64 elementor-section-boxed elementor-section-height-default elementor-section-height-default\" data-id=\"1e9bb64\" data-element_type=\"section\">\n\t\t\t\t\t\t<div class=\"elementor-container elementor-column-gap-default\">\n\t\t\t\t\t<div class=\"elementor-column elementor-col-50 elementor-top-column elementor-element elementor-element-78803de0\" data-id=\"78803de0\" data-element_type=\"column\">\n\t\t\t<div class=\"elementor-widget-wrap elementor-element-populated\">\n\t\t\t\t\t\t<div class=\"elementor-element elementor-element-a479673 elementor-widget elementor-widget-heading\" data-id=\"a479673\" data-element_type=\"widget\" data-widget_type=\"heading.default\">\n\t\t\t\t<div class=\"elementor-widget-container\">\n\t\t\t\t\t<h2 class=\"elementor-heading-title elementor-size-default\">Abogados de Compensaci\u00f3n de Trabajadores en Charlotte, NC <\/h2>\t\t\t\t<\/div>\n\t\t\t\t<\/div>\n\t\t\t\t\t<\/div>\n\t\t<\/div>\n\t\t\t\t<div class=\"elementor-column elementor-col-50 elementor-top-column elementor-element elementor-element-2d59eb53\" data-id=\"2d59eb53\" data-element_type=\"column\">\n\t\t\t<div class=\"elementor-widget-wrap elementor-element-populated\">\n\t\t\t\t\t\t<div class=\"elementor-element elementor-element-576eea82 elementor-widget elementor-widget-image\" data-id=\"576eea82\" data-element_type=\"widget\" data-widget_type=\"image.default\">\n\t\t\t\t<div class=\"elementor-widget-container\">\n\t\t\t\t\t\t\t\t\t\t\t\t\t\t\t<img fetchpriority=\"high\" decoding=\"async\" width=\"1024\" height=\"670\" src=\"https:\/\/grandyandmartin.com\/wp-content\/uploads\/2019\/03\/works-compensation-lawyer-1-1024x670.png\" class=\"attachment-large size-large wp-image-148\" alt=\"Workers comp lawyers Charlotte, NC\" srcset=\"https:\/\/grandyandmartin.com\/wp-content\/uploads\/2019\/03\/works-compensation-lawyer-1-1024x670.png 1024w, https:\/\/grandyandmartin.com\/wp-content\/uploads\/2019\/03\/works-compensation-lawyer-1-300x196.png 300w, https:\/\/grandyandmartin.com\/wp-content\/uploads\/2019\/03\/works-compensation-lawyer-1-768x502.png 768w, https:\/\/grandyandmartin.com\/wp-content\/uploads\/2019\/03\/works-compensation-lawyer-1.png 1251w\" sizes=\"(max-width: 1024px) 100vw, 1024px\" \/>\t\t\t\t\t\t\t\t\t\t\t\t\t\t\t<\/div>\n\t\t\t\t<\/div>\n\t\t\t\t\t<\/div>\n\t\t<\/div>\n\t\t\t\t\t<\/div>\n\t\t<\/section>\n\t\t\t\t<section class=\"elementor-section elementor-top-section elementor-element elementor-element-7e1f91b1 elementor-section-boxed elementor-section-height-default elementor-section-height-default\" data-id=\"7e1f91b1\" data-element_type=\"section\">\n\t\t\t\t\t\t<div class=\"elementor-container elementor-column-gap-default\">\n\t\t\t\t\t<div class=\"elementor-column elementor-col-100 elementor-top-column elementor-element elementor-element-598da007\" data-id=\"598da007\" data-element_type=\"column\">\n\t\t\t<div class=\"elementor-widget-wrap elementor-element-populated\">\n\t\t\t\t\t\t<div class=\"elementor-element elementor-element-6ac37063 elementor-widget elementor-widget-text-editor\" data-id=\"6ac37063\" data-element_type=\"widget\" data-widget_type=\"text-editor.default\">\n\t\t\t\t<div class=\"elementor-widget-container\">\n\t\t\t\t\t\t\t\t\t<div id=\"WRchTxt-84c24024-afa-ba7a-cbc2-b235e00f868e\" class=\"txtNew\" data-packed=\"false\" data-min-height=\"554\"><p class=\"font_8\"><span class=\"color_35\">Bajo la ley de Carolina del Norte, los empleadores est\u00e1n obligados a compensar a los empleados que se lesionan en el trabajo. Si necesita ayuda para presentar un reclamo de compensaci\u00f3n para trabajadores, o si su empleador se niega a proporcionarle los beneficios que legalmente merece, nuestra empresa puede ayudarlo. En Grandy &amp; Martin, ayudamos a los trabajadores lesionados a presentar reclamos por beneficios de compensaci\u00f3n para trabajadores. Tenemos experiencia en navegar por el sistema de compensaci\u00f3n para trabajadores. Tambi\u00e9n asistimos con la presentaci\u00f3n de reclamos contra compa\u00f1\u00edas y partes responsables de su lesi\u00f3n. P\u00f3ngase en contacto con nosotros hoy mismo para programar una consulta gratuita con un abogado experimentado en compensaci\u00f3n de trabajadores de Carolina del Norte. No pagar\u00e1 ninguna tarifa legal a menos que ganemos su caso.<\/span><\/p><p class=\"font_8\"><span class=\"color_35\">\u00bfA qu\u00e9 tienes derecho y c\u00f3mo puedes obtenerlo?<\/span><\/p><p class=\"font_8\"><span class=\"color_35\">A los fines de la compensaci\u00f3n de los trabajadores, no importa si un accidente fue culpa de otra persona, su culpa o la culpa de nadie. Si ha sido lesionado en el trabajo o mientras realiza recados, probablemente tenga derecho a recibir beneficios.<\/span><\/p><p class=\"font_8\"><span class=\"color_35\">El sistema de compensaci\u00f3n para trabajadores de Carolina del Norte puede ser confuso de entender. Nuestros abogados est\u00e1n disponibles para consultarle sobre todos los siguientes problemas:<\/span><\/p><\/div><div id=\"i8zaki7p\" class=\"txtNew\" data-packed=\"false\" data-min-height=\"294\"><ul class=\"font_7 color_35\"><li><p class=\"font_7\"><span class=\"color_35\">Beneficios de compensaci\u00f3n para trabajadores: Los trabajadores lesionados tienen derecho a beneficios por p\u00e9rdida total o parcial de salario, tratamiento m\u00e9dico y discapacidad total o parcial permanente. Los beneficios tambi\u00e9n est\u00e1n disponibles para las familias de trabajadores que han sido asesinados en el trabajo.<\/span><\/p><\/li><li><p class=\"font_7\"><span class=\"color_35\">Lesiones en el lugar de trabajo: nuestros abogados ayudan a los empleados lesionados a obtener beneficios de compensaci\u00f3n para trabajadores, no solo por accidentes en el lugar de trabajo, sino tambi\u00e9n por lesiones por movimientos repetitivos, enfermedades profesionales y lesiones en la espalda.<\/span><\/p><\/li><li><p class=\"font_7\"><span class=\"color_35\">Preguntas frecuentes sobre la compensaci\u00f3n de los trabajadores: antes de tomar una decisi\u00f3n sobre su reclamaci\u00f3n de compensaci\u00f3n de los trabajadores, es importante separar el mito de los hechos. Estamos dedicados a ayudar a los clientes a tomar decisiones informadas.<\/span><\/p><\/li><li><p class=\"font_7\"><span class=\"color_35\">Conductores \/ subcontratistas de camiones: Carolina del Norte tiene leyes especiales de compensaci\u00f3n para trabajadores de camiones y subcontratistas. Puede tener derecho a los beneficios incluso si es propietario \/ operador o contratista independiente.<\/span><\/p><\/li><li><p class=\"font_2\"><span class=\"color_35\">C\u00f3mo progresar\u00e1 su caso de compensaci\u00f3n de trabajadores: ya sea que busque ayuda con un reclamo de compensaci\u00f3n de trabajadores aceptado o un reclamo que ya haya sido denegado, nuestros abogados lo guiar\u00e1n cuidadosamente a trav\u00e9s del proceso.<\/span><\/p><\/li><\/ul><\/div>\t\t\t\t\t\t\t\t<\/div>\n\t\t\t\t<\/div>\n\t\t\t\t\t<\/div>\n\t\t<\/div>\n\t\t\t\t\t<\/div>\n\t\t<\/section>\n\t\t\t\t<\/div>","protected":false},"excerpt":{"rendered":"<p>Workers&#8217; Compensation Workers Compensation Lawyers in Charlotte, NC Under North Carolina law, employers are required to compensate employees who are injured on the job. If you need help pursuing a workers\u2019 compensation claim, or if your employer is refusing to provide the benefits you legally deserve, our firm can help you.\u00a0At Grandy &amp; Martin, we [&hellip;]<\/p>\n","protected":false},"author":1,"featured_media":0,"parent":0,"menu_order":0,"comment_status":"closed","ping_status":"closed","template":"elementor_header_footer","meta":{"_monsterinsights_skip_tracking":false,"_monsterinsights_sitenote_active":false,"_monsterinsights_sitenote_note":"","_monsterinsights_sitenote_category":0,"site-sidebar-layout":"default","site-content-layout":"","ast-site-content-layout":"default","site-content-style":"default","site-sidebar-style":"default","ast-global-header-display":"","ast-banner-title-visibility":"","ast-main-header-display":"","ast-hfb-above-header-display":"","ast-hfb-below-header-display":"","ast-hfb-mobile-header-display":"","site-post-title":"","ast-breadcrumbs-content":"","ast-featured-img":"","footer-sml-layout":"","ast-disable-related-posts":"","theme-transparent-header-meta":"","adv-header-id-meta":"","stick-header-meta":"","header-above-stick-meta":"","header-main-stick-meta":"","header-below-stick-meta":"","astra-migrate-meta-layouts":"default","ast-page-background-enabled":"default","ast-page-background-meta":{"desktop":{"background-color":"var(--ast-global-color-4)","background-image":"","background-repeat":"repeat","background-position":"center center","background-size":"auto","background-attachment":"scroll","background-type":"","background-media":"","overlay-type":"","overlay-color":"","overlay-opacity":"","overlay-gradient":""},"tablet":{"background-color":"","background-image":"","background-repeat":"repeat","background-position":"center center","background-size":"auto","background-attachment":"scroll","background-type":"","background-media":"","overlay-type":"","overlay-color":"","overlay-opacity":"","overlay-gradient":""},"mobile":{"background-color":"","background-image":"","background-repeat":"repeat","background-position":"center center","background-size":"auto","background-attachment":"scroll","background-type":"","background-media":"","overlay-type":"","overlay-color":"","overlay-opacity":"","overlay-gradient":""}},"ast-content-background-meta":{"desktop":{"background-color":"var(--ast-global-color-5)","background-image":"","background-repeat":"repeat","background-position":"center center","background-size":"auto","background-attachment":"scroll","background-type":"","background-media":"","overlay-type":"","overlay-color":"","overlay-opacity":"","overlay-gradient":""},"tablet":{"background-color":"var(--ast-global-color-5)","background-image":"","background-repeat":"repeat","background-position":"center center","background-size":"auto","background-attachment":"scroll","background-type":"","background-media":"","overlay-type":"","overlay-color":"","overlay-opacity":"","overlay-gradient":""},"mobile":{"background-color":"var(--ast-global-color-5)","background-image":"","background-repeat":"repeat","background-position":"center center","background-size":"auto","background-attachment":"scroll","background-type":"","background-media":"","overlay-type":"","overlay-color":"","overlay-opacity":"","overlay-gradient":""}},"footnotes":""},"_links":{"self":[{"href":"https:\/\/grandyandmartin.com\/es\/wp-json\/wp\/v2\/pages\/146"}],"collection":[{"href":"https:\/\/grandyandmartin.com\/es\/wp-json\/wp\/v2\/pages"}],"about":[{"href":"https:\/\/grandyandmartin.com\/es\/wp-json\/wp\/v2\/types\/page"}],"author":[{"embeddable":true,"href":"https:\/\/grandyandmartin.com\/es\/wp-json\/wp\/v2\/users\/1"}],"replies":[{"embeddable":true,"href":"https:\/\/grandyandmartin.com\/es\/wp-json\/wp\/v2\/comments?post=146"}],"version-history":[{"count":11,"href":"https:\/\/grandyandmartin.com\/es\/wp-json\/wp\/v2\/pages\/146\/revisions"}],"predecessor-version":[{"id":2254,"href":"https:\/\/grandyandmartin.com\/es\/wp-json\/wp\/v2\/pages\/146\/revisions\/2254"}],"wp:attachment":[{"href":"https:\/\/grandyandmartin.com\/es\/wp-json\/wp\/v2\/media?parent=146"}],"curies":[{"name":"wp","href":"https:\/\/api.w.org\/{rel}","templated":true}]}}