{"id":158,"date":"2019-03-12T22:18:24","date_gmt":"2019-03-13T02:18:24","guid":{"rendered":"https:\/\/grandyandmartin.com\/?page_id=158"},"modified":"2019-11-03T20:52:57","modified_gmt":"2019-11-04T01:52:57","slug":"kennith-martin","status":"publish","type":"page","link":"https:\/\/grandyandmartin.com\/es\/kennith-martin\/","title":{"rendered":"Kennith Martin"},"content":{"rendered":"<div data-elementor-type=\"wp-post\" data-elementor-id=\"158\" class=\"elementor elementor-158\">\n\t\t\t\t\t\t<section class=\"elementor-section elementor-top-section elementor-element elementor-element-5b3030ce elementor-section-stretched elementor-section-boxed elementor-section-height-default elementor-section-height-default\" data-id=\"5b3030ce\" data-element_type=\"section\" data-settings=\"{&quot;stretch_section&quot;:&quot;section-stretched&quot;,&quot;background_background&quot;:&quot;classic&quot;}\">\n\t\t\t\t\t\t<div class=\"elementor-container elementor-column-gap-default\">\n\t\t\t\t\t<div class=\"elementor-column elementor-col-100 elementor-top-column elementor-element elementor-element-dc96bef\" data-id=\"dc96bef\" data-element_type=\"column\">\n\t\t\t<div class=\"elementor-widget-wrap elementor-element-populated\">\n\t\t\t\t\t\t<div class=\"elementor-element elementor-element-62ec49a6 elementor-widget elementor-widget-heading\" data-id=\"62ec49a6\" data-element_type=\"widget\" data-widget_type=\"heading.default\">\n\t\t\t\t<div class=\"elementor-widget-container\">\n\t\t\t\t\t<h2 class=\"elementor-heading-title elementor-size-default\">Kenneth Charles Martin<\/h2>\t\t\t\t<\/div>\n\t\t\t\t<\/div>\n\t\t\t\t<div class=\"elementor-element elementor-element-a04c62d elementor-widget elementor-widget-heading\" data-id=\"a04c62d\" data-element_type=\"widget\" data-widget_type=\"heading.default\">\n\t\t\t\t<div class=\"elementor-widget-container\">\n\t\t\t\t\t<h2 class=\"elementor-heading-title elementor-size-default\">Abogado de Compensaci\u00f3n Laboral<\/h2>\t\t\t\t<\/div>\n\t\t\t\t<\/div>\n\t\t\t\t\t<\/div>\n\t\t<\/div>\n\t\t\t\t\t<\/div>\n\t\t<\/section>\n\t\t\t\t<section class=\"elementor-section elementor-top-section elementor-element elementor-element-67fe5803 elementor-section-boxed elementor-section-height-default elementor-section-height-default\" data-id=\"67fe5803\" data-element_type=\"section\">\n\t\t\t\t\t\t<div class=\"elementor-container elementor-column-gap-default\">\n\t\t\t\t\t<div class=\"elementor-column elementor-col-50 elementor-top-column elementor-element elementor-element-18453d29\" data-id=\"18453d29\" data-element_type=\"column\">\n\t\t\t<div class=\"elementor-widget-wrap elementor-element-populated\">\n\t\t\t\t\t\t<div class=\"elementor-element elementor-element-37fa5235 elementor-widget elementor-widget-image\" data-id=\"37fa5235\" data-element_type=\"widget\" data-widget_type=\"image.default\">\n\t\t\t\t<div class=\"elementor-widget-container\">\n\t\t\t\t\t\t\t\t\t\t\t\t\t\t\t<img fetchpriority=\"high\" decoding=\"async\" width=\"604\" height=\"800\" src=\"https:\/\/grandyandmartin.com\/wp-content\/uploads\/2019\/07\/ken-headshot-2.png\" class=\"attachment-large size-large wp-image-1107\" alt=\"\" srcset=\"https:\/\/grandyandmartin.com\/wp-content\/uploads\/2019\/07\/ken-headshot-2.png 604w, https:\/\/grandyandmartin.com\/wp-content\/uploads\/2019\/07\/ken-headshot-2-227x300.png 227w\" sizes=\"(max-width: 604px) 100vw, 604px\" \/>\t\t\t\t\t\t\t\t\t\t\t\t\t\t\t<\/div>\n\t\t\t\t<\/div>\n\t\t\t\t<div class=\"elementor-element elementor-element-5f3d4cdb elementor-widget elementor-widget-text-editor\" data-id=\"5f3d4cdb\" data-element_type=\"widget\" data-widget_type=\"text-editor.default\">\n\t\t\t\t<div class=\"elementor-widget-container\">\n\t\t\t\t\t\t\t\t\t<p class=\"font_8\"><span class=\"color_35\">Kenneth Charles Martin<\/span><\/p><p class=\"font_8\"><span class=\"color_35\">Socio, Grandy &amp; Martin, PA<\/span><\/p><p class=\"font_8\"><span class=\"color_35\">115 East Park Avenue, Suite G<\/span><\/p><p class=\"font_8\"><span class=\"color_35\">Charlotte, Carolina del Norte 28203<\/span><\/p><p class=\"font_8\"><span class=\"color_35\">Tel\u00e9fono: 704-377-2400<\/span><\/p><p class=\"font_8\"><span class=\"color_35\">Fax: 704-358-3910<\/span><\/p>\t\t\t\t\t\t\t\t<\/div>\n\t\t\t\t<\/div>\n\t\t\t\t\t<\/div>\n\t\t<\/div>\n\t\t\t\t<div class=\"elementor-column elementor-col-50 elementor-top-column elementor-element elementor-element-78883616\" data-id=\"78883616\" data-element_type=\"column\">\n\t\t\t<div class=\"elementor-widget-wrap elementor-element-populated\">\n\t\t\t\t\t\t<div class=\"elementor-element elementor-element-20fdf173 elementor-widget elementor-widget-text-editor\" data-id=\"20fdf173\" data-element_type=\"widget\" data-widget_type=\"text-editor.default\">\n\t\t\t\t<div class=\"elementor-widget-container\">\n\t\t\t\t\t\t\t\t\t<p class=\"font_8\"><span class=\"color_35\">Ken Martin creci\u00f3 en Nueva York y Massachusetts. Se gradu\u00f3 de la University of Southern Maine en 1980 con una licenciatura en historia. Luego asisti\u00f3 a la Escuela de Derecho de la Universidad de Wake Forest en Winston-Salem, Carolina del Norte. Recibi\u00f3 su Juris Doctor en 1983. Ken Martin es un miembro activo de North Carolina Advocates For Justice, North Carolina Bar Association, y es miembro vitalicio del Foro de Million Dollar Advocates de los Mejores Abogados Litigantes en los Estados Unidos. Tambi\u00e9n es presidente de la South End Storefronts Condominium &#039;Association y fue seleccionado como uno de los mejores litigantes de Estados Unidos para Carolina del Norte en 2018. Reside en Charlotte, Carolina del Norte con sus dos hijos.<\/span><\/p><p class=\"font_8\"><span class=\"color_35\">Su \u00e1rea principal de pr\u00e1ctica es la ley de indemnizaci\u00f3n laboral del demandante y las lesiones relacionadas con el trabajo.<\/span><\/p><p class=\"font_8\"><span class=\"color_35\">Admisiones al bar<\/span><\/p><ul class=\"font_9 color_35\"><li><p class=\"font_9\"><span class=\"color_35\">Carolina del norte, 1983<\/span><\/p><\/li><li><p class=\"font_9\"><span class=\"color_35\">Tribunales Federales de los Estados Unidos, 1984<\/span><\/p><\/li><\/ul><p class=\"font_8\"><span class=\"color_35\">Educaci\u00f3n<\/span><\/p><ul class=\"font_9 color_35\"><li><p class=\"font_9\"><span class=\"color_35\">Escuela de Derecho de la Universidad de Wake Forest, Winston-Salem, Carolina del Norte<\/span><\/p><ul class=\"font_9 color_35\"><li><p class=\"font_9\"><span class=\"color_35\">Juris doctor, 1983<\/span><\/p><\/li><\/ul><\/li><li><p class=\"font_9\"><span class=\"color_35\">Universidad del sur de Maine<\/span><\/p><ul class=\"font_9 color_35\"><li><p class=\"font_9\"><span class=\"color_35\">Bachillerato en Artes, 1980<\/span><\/p><\/li><li><p class=\"font_9\"><span class=\"color_35\">Major: Historia<\/span><\/p><\/li><\/ul><\/li><\/ul><p class=\"font_8\"><span class=\"color_35\">Asociaciones profesionales y membres\u00edas<\/span><\/p><ul class=\"font_9 color_35\"><li><p class=\"font_9\"><span class=\"color_35\">North Carolina Advocates for Justice, miembro<\/span><\/p><\/li><li><p class=\"font_9\"><span class=\"color_35\">Foro de Million Dollar Advocates de los mejores abogados litigantes en los Estados Unidos, miembro vitalicio<\/span><\/p><\/li><li><p class=\"font_9\"><span class=\"color_35\">Miembro del Colegio de Abogados del Condado de Mecklenburg<\/span><\/p><\/li><li><p class=\"font_8\"><span class=\"color_35\">Miembro del Colegio de Abogados de Carolina del Norte<\/span><\/p><\/li><li><p class=\"font_8\"><span class=\"color_35\">Presidente de South End Storefronts Condominium Owner&#039;s Association<\/span><\/p><\/li><li><p class=\"font_8\"><span class=\"color_35\">Seleccionado como uno de los mejores litigantes de Estados Unidos para Carolina del Norte, 2018<\/span><\/p><\/li><\/ul>\t\t\t\t\t\t\t\t<\/div>\n\t\t\t\t<\/div>\n\t\t\t\t\t<\/div>\n\t\t<\/div>\n\t\t\t\t\t<\/div>\n\t\t<\/section>\n\t\t\t\t<\/div>","protected":false},"excerpt":{"rendered":"<p>Kenneth Charles Martin Workers&#8217; Compensation Attorney Kenneth Charles Martin Partner, Grandy &amp; Martin, P.A. 115 East Park Avenue, Suite G Charlotte, North Carolina 28203 Phone: 704-377-2400 Fax: 704-358-3910 Ken Martin grew up in New York and Massachusetts. He graduated from the University of Southern Maine in 1980 with a Bachelor of Arts degree in History. [&hellip;]<\/p>\n","protected":false},"author":1,"featured_media":0,"parent":0,"menu_order":0,"comment_status":"closed","ping_status":"closed","template":"elementor_header_footer","meta":{"_monsterinsights_skip_tracking":false,"_monsterinsights_sitenote_active":false,"_monsterinsights_sitenote_note":"","_monsterinsights_sitenote_category":0,"site-sidebar-layout":"default","site-content-layout":"","ast-site-content-layout":"default","site-content-style":"default","site-sidebar-style":"default","ast-global-header-display":"","ast-banner-title-visibility":"","ast-main-header-display":"","ast-hfb-above-header-display":"","ast-hfb-below-header-display":"","ast-hfb-mobile-header-display":"","site-post-title":"","ast-breadcrumbs-content":"","ast-featured-img":"","footer-sml-layout":"","ast-disable-related-posts":"","theme-transparent-header-meta":"","adv-header-id-meta":"","stick-header-meta":"","header-above-stick-meta":"","header-main-stick-meta":"","header-below-stick-meta":"","astra-migrate-meta-layouts":"default","ast-page-background-enabled":"default","ast-page-background-meta":{"desktop":{"background-color":"var(--ast-global-color-4)","background-image":"","background-repeat":"repeat","background-position":"center center","background-size":"auto","background-attachment":"scroll","background-type":"","background-media":"","overlay-type":"","overlay-color":"","overlay-opacity":"","overlay-gradient":""},"tablet":{"background-color":"","background-image":"","background-repeat":"repeat","background-position":"center center","background-size":"auto","background-attachment":"scroll","background-type":"","background-media":"","overlay-type":"","overlay-color":"","overlay-opacity":"","overlay-gradient":""},"mobile":{"background-color":"","background-image":"","background-repeat":"repeat","background-position":"center center","background-size":"auto","background-attachment":"scroll","background-type":"","background-media":"","overlay-type":"","overlay-color":"","overlay-opacity":"","overlay-gradient":""}},"ast-content-background-meta":{"desktop":{"background-color":"var(--ast-global-color-5)","background-image":"","background-repeat":"repeat","background-position":"center center","background-size":"auto","background-attachment":"scroll","background-type":"","background-media":"","overlay-type":"","overlay-color":"","overlay-opacity":"","overlay-gradient":""},"tablet":{"background-color":"var(--ast-global-color-5)","background-image":"","background-repeat":"repeat","background-position":"center center","background-size":"auto","background-attachment":"scroll","background-type":"","background-media":"","overlay-type":"","overlay-color":"","overlay-opacity":"","overlay-gradient":""},"mobile":{"background-color":"var(--ast-global-color-5)","background-image":"","background-repeat":"repeat","background-position":"center center","background-size":"auto","background-attachment":"scroll","background-type":"","background-media":"","overlay-type":"","overlay-color":"","overlay-opacity":"","overlay-gradient":""}},"footnotes":""},"_links":{"self":[{"href":"https:\/\/grandyandmartin.com\/es\/wp-json\/wp\/v2\/pages\/158"}],"collection":[{"href":"https:\/\/grandyandmartin.com\/es\/wp-json\/wp\/v2\/pages"}],"about":[{"href":"https:\/\/grandyandmartin.com\/es\/wp-json\/wp\/v2\/types\/page"}],"author":[{"embeddable":true,"href":"https:\/\/grandyandmartin.com\/es\/wp-json\/wp\/v2\/users\/1"}],"replies":[{"embeddable":true,"href":"https:\/\/grandyandmartin.com\/es\/wp-json\/wp\/v2\/comments?post=158"}],"version-history":[{"count":12,"href":"https:\/\/grandyandmartin.com\/es\/wp-json\/wp\/v2\/pages\/158\/revisions"}],"predecessor-version":[{"id":2282,"href":"https:\/\/grandyandmartin.com\/es\/wp-json\/wp\/v2\/pages\/158\/revisions\/2282"}],"wp:attachment":[{"href":"https:\/\/grandyandmartin.com\/es\/wp-json\/wp\/v2\/media?parent=158"}],"curies":[{"name":"wp","href":"https:\/\/api.w.org\/{rel}","templated":true}]}}