{"id":160,"date":"2019-03-12T22:18:53","date_gmt":"2019-03-13T02:18:53","guid":{"rendered":"https:\/\/grandyandmartin.com\/?page_id=160"},"modified":"2019-10-10T18:30:54","modified_gmt":"2019-10-10T22:30:54","slug":"charles-william-grandy","status":"publish","type":"page","link":"https:\/\/grandyandmartin.com\/es\/charles-william-grandy\/","title":{"rendered":"Charles William Grandy"},"content":{"rendered":"<div data-elementor-type=\"wp-post\" data-elementor-id=\"160\" class=\"elementor elementor-160\">\n\t\t\t\t\t\t<section class=\"elementor-section elementor-top-section elementor-element elementor-element-f4c7d53 elementor-section-stretched elementor-section-boxed elementor-section-height-default elementor-section-height-default\" data-id=\"f4c7d53\" data-element_type=\"section\" data-settings=\"{&quot;stretch_section&quot;:&quot;section-stretched&quot;,&quot;background_background&quot;:&quot;classic&quot;}\">\n\t\t\t\t\t\t<div class=\"elementor-container elementor-column-gap-default\">\n\t\t\t\t\t<div class=\"elementor-column elementor-col-100 elementor-top-column elementor-element elementor-element-c3cc075\" data-id=\"c3cc075\" data-element_type=\"column\">\n\t\t\t<div class=\"elementor-widget-wrap elementor-element-populated\">\n\t\t\t\t\t\t<div class=\"elementor-element elementor-element-5df9b2d elementor-widget elementor-widget-heading\" data-id=\"5df9b2d\" data-element_type=\"widget\" data-widget_type=\"heading.default\">\n\t\t\t\t<div class=\"elementor-widget-container\">\n\t\t\t\t\t<h2 class=\"elementor-heading-title elementor-size-default\">Charles William &quot;Bill&quot; Grandy<\/h2>\t\t\t\t<\/div>\n\t\t\t\t<\/div>\n\t\t\t\t<div class=\"elementor-element elementor-element-d1aaa0b elementor-widget elementor-widget-heading\" data-id=\"d1aaa0b\" data-element_type=\"widget\" data-widget_type=\"heading.default\">\n\t\t\t\t<div class=\"elementor-widget-container\">\n\t\t\t\t\t<h2 class=\"elementor-heading-title elementor-size-default\">Abogado de Lesiones Personales<\/h2>\t\t\t\t<\/div>\n\t\t\t\t<\/div>\n\t\t\t\t\t<\/div>\n\t\t<\/div>\n\t\t\t\t\t<\/div>\n\t\t<\/section>\n\t\t\t\t<section class=\"elementor-section elementor-top-section elementor-element elementor-element-213be49 elementor-section-boxed elementor-section-height-default elementor-section-height-default\" data-id=\"213be49\" data-element_type=\"section\">\n\t\t\t\t\t\t<div class=\"elementor-container elementor-column-gap-default\">\n\t\t\t\t\t<div class=\"elementor-column elementor-col-50 elementor-top-column elementor-element elementor-element-2dbb992\" data-id=\"2dbb992\" data-element_type=\"column\">\n\t\t\t<div class=\"elementor-widget-wrap elementor-element-populated\">\n\t\t\t\t\t\t<div class=\"elementor-element elementor-element-c8b6ab5 elementor-widget elementor-widget-image\" data-id=\"c8b6ab5\" data-element_type=\"widget\" data-widget_type=\"image.default\">\n\t\t\t\t<div class=\"elementor-widget-container\">\n\t\t\t\t\t\t\t\t\t\t\t\t\t\t\t<img fetchpriority=\"high\" decoding=\"async\" width=\"683\" height=\"1024\" src=\"https:\/\/grandyandmartin.com\/wp-content\/uploads\/2019\/03\/BR8A5390-683x1024.jpg\" class=\"attachment-large size-large wp-image-171\" alt=\"\" srcset=\"https:\/\/grandyandmartin.com\/wp-content\/uploads\/2019\/03\/BR8A5390-683x1024.jpg 683w, https:\/\/grandyandmartin.com\/wp-content\/uploads\/2019\/03\/BR8A5390-200x300.jpg 200w, https:\/\/grandyandmartin.com\/wp-content\/uploads\/2019\/03\/BR8A5390-768x1152.jpg 768w, https:\/\/grandyandmartin.com\/wp-content\/uploads\/2019\/03\/BR8A5390-1568x2352.jpg 1568w, https:\/\/grandyandmartin.com\/wp-content\/uploads\/2019\/03\/BR8A5390-e1552445274184.jpg 900w\" sizes=\"(max-width: 683px) 100vw, 683px\" \/>\t\t\t\t\t\t\t\t\t\t\t\t\t\t\t<\/div>\n\t\t\t\t<\/div>\n\t\t\t\t<div class=\"elementor-element elementor-element-82b3218 elementor-widget elementor-widget-text-editor\" data-id=\"82b3218\" data-element_type=\"widget\" data-widget_type=\"text-editor.default\">\n\t\t\t\t<div class=\"elementor-widget-container\">\n\t\t\t\t\t\t\t\t\t<p class=\"font_8\"><span class=\"color_35\">Charles William Grandy III<\/span><\/p><p class=\"font_8\"><span class=\"color_35\">Socio, Grandy &amp; Martin, PA<\/span><\/p><p class=\"font_8\"><span class=\"color_35\">115 East Park Avenue, Suite G<\/span><\/p><p class=\"font_8\"><span class=\"color_35\">Charlotte, Carolina del Norte 28203<\/span><\/p><p class=\"font_8\"><span class=\"color_35\">Tel\u00e9fono: 704-377-2400<\/span><\/p><p class=\"font_8\"><span class=\"color_35\">Fax: 704-358-3910<\/span><\/p><p class=\"font_8\"><span class=\"color_35\"><object width=\"300\" height=\"0\" data-mce-fragment=\"1\"><a class=\"auto-generated-link\" data-auto-recognition=\"true\" data-content=\"bill@grandyandmartin.com\" href=\"mailto:bill@grandyandmartin.com\" data-type=\"mail\">bill@grandyandmartin.com<\/a><\/object><\/span><\/p>\t\t\t\t\t\t\t\t<\/div>\n\t\t\t\t<\/div>\n\t\t\t\t\t<\/div>\n\t\t<\/div>\n\t\t\t\t<div class=\"elementor-column elementor-col-50 elementor-top-column elementor-element elementor-element-431c7c3\" data-id=\"431c7c3\" data-element_type=\"column\">\n\t\t\t<div class=\"elementor-widget-wrap elementor-element-populated\">\n\t\t\t\t\t\t<div class=\"elementor-element elementor-element-461c9dd elementor-widget elementor-widget-text-editor\" data-id=\"461c9dd\" data-element_type=\"widget\" data-widget_type=\"text-editor.default\">\n\t\t\t\t<div class=\"elementor-widget-container\">\n\t\t\t\t\t\t\t\t\t<p dir=\"ltr\" style=\"line-height: 1.38; margin-top: 0pt; margin-bottom: 0pt; background-color: #ffffff;\"><span style=\"font-size: 13pt; font-family: Roboto; color: #7a7a7a; background-color: transparent; font-weight: 400; font-style: normal; font-variant: normal; text-decoration: none; vertical-align: baseline; white-space: pre-wrap;\">Charles William &quot;Bill&quot; Grandy es un nativo de Carolina del Norte, nacido en Greensboro y criado en Charlotte. Se gradu\u00f3 de la Universidad de Carolina del Norte en Chapel Hill en 1980 con una licenciatura en administraci\u00f3n de empresas. Luego asisti\u00f3 a la Escuela de Derecho de la Universidad de Wake Forest en Winston-Salem, Carolina del Norte, donde recibi\u00f3 su Juris Doctor en 1983. Bill se desempe\u00f1\u00f3 como \u00e1rbitro del Colegio de Abogados del Condado de Mecklenburg y es miembro de la Asociaci\u00f3n de Abogados del Norte de Carolina del Norte. Carolina Advocates for Justice y el Colegio de Abogados del Condado de Mecklenburg. Reside en Charlotte con su esposa y tiene tres hijos mayores. Fuera del trabajo, Bill disfruta pasar el tiempo con la familia, pasear en bote, hacer caminatas, andar en bicicleta y es un \u00e1vido jugador de softball.<\/span><\/p><p dir=\"ltr\" style=\"line-height: 1.38; margin-top: 0pt; margin-bottom: 0pt; background-color: #ffffff;\">\u00a0<\/p><p dir=\"ltr\" style=\"line-height: 1.38; margin-top: 0pt; margin-bottom: 0pt; background-color: #ffffff;\"><span style=\"font-size: 13pt; font-family: Roboto; color: #7a7a7a; background-color: transparent; font-weight: 400; font-style: normal; font-variant: normal; text-decoration: none; vertical-align: baseline; white-space: pre-wrap;\">\u00c1rea de pr\u00e1ctica, Lesiones personales.<\/span><\/p><ul style=\"margin-top: 0pt; margin-bottom: 0pt;\"><li dir=\"ltr\" style=\"list-style-type: disc; font-size: 13pt; font-family: Roboto; color: #7a7a7a; background-color: transparent; font-weight: 400; font-style: normal; font-variant: normal; text-decoration: none; vertical-align: baseline; white-space: pre;\"><p dir=\"ltr\" style=\"line-height: 2.16; margin-top: 13pt; margin-bottom: 0pt; background-color: #ffffff;\"><span style=\"font-size: 13pt; font-family: Roboto; color: #7a7a7a; background-color: transparent; font-weight: 400; font-style: normal; font-variant: normal; text-decoration: none; vertical-align: baseline; white-space: pre-wrap;\">Accidentes (veh\u00edculo de motor, motocicleta, canotaje, bicicleta, peatones, transporte p\u00fablico)<\/span><\/p><\/li><li dir=\"ltr\" style=\"list-style-type: disc; font-size: 13pt; font-family: Roboto; color: #7a7a7a; background-color: transparent; font-weight: 400; font-style: normal; font-variant: normal; text-decoration: none; vertical-align: baseline; white-space: pre;\"><p dir=\"ltr\" style=\"line-height: 2.16; margin-top: 0pt; margin-bottom: 0pt; background-color: #ffffff;\"><span style=\"font-size: 13pt; font-family: Roboto; color: #7a7a7a; background-color: transparent; font-weight: 400; font-style: normal; font-variant: normal; text-decoration: none; vertical-align: baseline; white-space: pre-wrap;\">Mordidas de perro<\/span><\/p><\/li><li dir=\"ltr\" style=\"list-style-type: disc; font-size: 13pt; font-family: Roboto; color: #7a7a7a; background-color: transparent; font-weight: 400; font-style: normal; font-variant: normal; text-decoration: none; vertical-align: baseline; white-space: pre;\"><p dir=\"ltr\" style=\"line-height: 2.16; margin-top: 0pt; margin-bottom: 0pt; background-color: #ffffff;\"><span style=\"font-size: 13pt; font-family: Roboto; color: #7a7a7a; background-color: transparent; font-weight: 400; font-style: normal; font-variant: normal; text-decoration: none; vertical-align: baseline; white-space: pre-wrap;\">Responsabilidad de locales (resbalones y ca\u00eddas, seguridad inadecuada, etc.)<\/span><\/p><\/li><li dir=\"ltr\" style=\"list-style-type: disc; font-size: 13pt; font-family: Roboto; color: #7a7a7a; background-color: transparent; font-weight: 400; font-style: normal; font-variant: normal; text-decoration: none; vertical-align: baseline; white-space: pre;\"><p dir=\"ltr\" style=\"line-height: 2.16; margin-top: 0pt; margin-bottom: 0pt; background-color: #ffffff;\"><span style=\"font-size: 13pt; font-family: Roboto; color: #7a7a7a; background-color: transparent; font-weight: 400; font-style: normal; font-variant: normal; text-decoration: none; vertical-align: baseline; white-space: pre-wrap;\">Lesiones de inquilinos y responsabilidad del propietario<\/span><\/p><\/li><li dir=\"ltr\" style=\"list-style-type: disc; font-size: 13pt; font-family: Roboto; color: #7a7a7a; background-color: transparent; font-weight: 400; font-style: normal; font-variant: normal; text-decoration: none; vertical-align: baseline; white-space: pre;\"><p dir=\"ltr\" style=\"line-height: 2.16; margin-top: 0pt; margin-bottom: 0pt; background-color: #ffffff;\"><span style=\"font-size: 13pt; font-family: Roboto; color: #7a7a7a; background-color: transparent; font-weight: 400; font-style: normal; font-variant: normal; text-decoration: none; vertical-align: baseline; white-space: pre-wrap;\">Negligencia de remolque de tractor<\/span><\/p><\/li><li dir=\"ltr\" style=\"list-style-type: disc; font-size: 13pt; font-family: Roboto; color: #7a7a7a; background-color: transparent; font-weight: 400; font-style: normal; font-variant: normal; text-decoration: none; vertical-align: baseline; white-space: pre;\"><p dir=\"ltr\" style=\"line-height: 2.16; margin-top: 0pt; margin-bottom: 13pt; background-color: #ffffff;\"><span style=\"font-size: 13pt; font-family: Roboto; color: #7a7a7a; background-color: transparent; font-weight: 400; font-style: normal; font-variant: normal; text-decoration: none; vertical-align: baseline; white-space: pre-wrap;\">Accidentes laborales que implican responsabilidad civil.<\/span><\/p><\/li><\/ul><p dir=\"ltr\" style=\"line-height: 1.38; margin-top: 0pt; margin-bottom: 0pt; background-color: #ffffff;\"><span style=\"font-size: 13pt; font-family: Roboto; color: #7a7a7a; background-color: transparent; font-weight: 400; font-style: normal; font-variant: normal; text-decoration: none; vertical-align: baseline; white-space: pre-wrap;\">Admisiones al bar<\/span><\/p><ul style=\"margin-top: 0pt; margin-bottom: 0pt;\"><li dir=\"ltr\" style=\"list-style-type: disc; font-size: 13pt; font-family: Roboto; color: #7a7a7a; background-color: transparent; font-weight: 400; font-style: normal; font-variant: normal; text-decoration: none; vertical-align: baseline; white-space: pre;\"><p dir=\"ltr\" style=\"line-height: 2.16; margin-top: 13pt; margin-bottom: 0pt; background-color: #ffffff;\"><span style=\"font-size: 13pt; font-family: Roboto; color: #7a7a7a; background-color: transparent; font-weight: 400; font-style: normal; font-variant: normal; text-decoration: none; vertical-align: baseline; white-space: pre-wrap;\">Carolina del norte, 1983<\/span><\/p><\/li><li dir=\"ltr\" style=\"list-style-type: disc; font-size: 13pt; font-family: Roboto; color: #7a7a7a; background-color: transparent; font-weight: 400; font-style: normal; font-variant: normal; text-decoration: none; vertical-align: baseline; white-space: pre;\"><p dir=\"ltr\" style=\"line-height: 2.16; margin-top: 0pt; margin-bottom: 13pt; background-color: #ffffff;\"><span style=\"font-size: 13pt; font-family: Roboto; color: #7a7a7a; background-color: transparent; font-weight: 400; font-style: normal; font-variant: normal; text-decoration: none; vertical-align: baseline; white-space: pre-wrap;\">Tribunales Federales de los Estados Unidos, 1984<\/span><\/p><\/li><\/ul><p dir=\"ltr\" style=\"line-height: 1.38; margin-top: 0pt; margin-bottom: 0pt; background-color: #ffffff;\"><span style=\"font-size: 13pt; font-family: Roboto; color: #7a7a7a; background-color: transparent; font-weight: 400; font-style: normal; font-variant: normal; text-decoration: none; vertical-align: baseline; white-space: pre-wrap;\">Educaci\u00f3n<\/span><\/p><ul style=\"margin-top: 0pt; margin-bottom: 0pt;\"><li dir=\"ltr\" style=\"list-style-type: disc; font-size: 13pt; font-family: Roboto; color: #7a7a7a; background-color: transparent; font-weight: 400; font-style: normal; font-variant: normal; text-decoration: none; vertical-align: baseline; white-space: pre;\"><p dir=\"ltr\" style=\"line-height: 2.16; margin-top: 13pt; margin-bottom: 0pt; background-color: #ffffff;\"><span style=\"font-size: 13pt; font-family: Roboto; color: #7a7a7a; background-color: transparent; font-weight: 400; font-style: normal; font-variant: normal; text-decoration: none; vertical-align: baseline; white-space: pre-wrap;\">Escuela de Derecho de la Universidad de Wake Forest, Winston-Salem, Carolina del Norte<\/span><\/p><ul style=\"margin-top: 0pt; margin-bottom: 0pt;\"><li dir=\"ltr\" style=\"list-style-type: circle; font-size: 13pt; font-family: Roboto; color: #7a7a7a; background-color: transparent; font-weight: 400; font-style: normal; font-variant: normal; text-decoration: none; vertical-align: baseline; white-space: pre;\"><p dir=\"ltr\" style=\"line-height: 2.16; margin-top: 0pt; margin-bottom: 0pt; background-color: #ffffff;\"><span style=\"font-size: 13pt; font-family: Roboto; color: #7a7a7a; background-color: transparent; font-weight: 400; font-style: normal; font-variant: normal; text-decoration: none; vertical-align: baseline; white-space: pre-wrap;\">Juris doctor, 1983<\/span><\/p><\/li><\/ul><\/li><li dir=\"ltr\" style=\"list-style-type: disc; font-size: 13pt; font-family: Roboto; color: #7a7a7a; background-color: transparent; font-weight: 400; font-style: normal; font-variant: normal; text-decoration: none; vertical-align: baseline; white-space: pre;\"><p dir=\"ltr\" style=\"line-height: 2.16; margin-top: 0pt; margin-bottom: 0pt; background-color: #ffffff;\"><span style=\"font-size: 13pt; font-family: Roboto; color: #7a7a7a; background-color: transparent; font-weight: 400; font-style: normal; font-variant: normal; text-decoration: none; vertical-align: baseline; white-space: pre-wrap;\">Universidad de Carolina del Norte, Chapel Hill, Carolina del Norte<\/span><\/p><ul style=\"margin-top: 0pt; margin-bottom: 0pt;\"><li dir=\"ltr\" style=\"list-style-type: circle; font-size: 13pt; font-family: Roboto; color: #7a7a7a; background-color: transparent; font-weight: 400; font-style: normal; font-variant: normal; text-decoration: none; vertical-align: baseline; white-space: pre;\"><p dir=\"ltr\" style=\"line-height: 2.16; margin-top: 0pt; margin-bottom: 13pt; background-color: #ffffff;\"><span style=\"font-size: 13pt; font-family: Roboto; color: #7a7a7a; background-color: transparent; font-weight: 400; font-style: normal; font-variant: normal; text-decoration: none; vertical-align: baseline; white-space: pre-wrap;\">Licenciatura en Ciencias, 1980<\/span><\/p><\/li><\/ul><\/li><\/ul><p dir=\"ltr\" style=\"line-height: 1.38; margin-top: 0pt; margin-bottom: 0pt; background-color: #ffffff;\"><span style=\"font-size: 13pt; font-family: Roboto; color: #7a7a7a; background-color: transparent; font-weight: 400; font-style: normal; font-variant: normal; text-decoration: none; vertical-align: baseline; white-space: pre-wrap;\">Asociaciones profesionales y membres\u00edas<\/span><\/p><p>\u00a0<\/p><ul><li dir=\"ltr\" style=\"list-style-type: disc; font-size: 13pt; font-family: Roboto; color: #7a7a7a; background-color: transparent; font-weight: 400; font-style: normal; font-variant: normal; text-decoration: none; vertical-align: baseline; white-space: pre;\"><p dir=\"ltr\" style=\"line-height: 2.16; margin-top: 13pt; margin-bottom: 0pt; background-color: #ffffff;\"><span style=\"font-size: 13pt; font-family: Roboto; color: #7a7a7a; background-color: transparent; font-weight: 400; font-style: normal; font-variant: normal; text-decoration: none; vertical-align: baseline; white-space: pre-wrap;\">North Carolina Advocates for Justice, miembro<\/span><\/p><\/li><li dir=\"ltr\" style=\"list-style-type: disc; font-size: 13pt; font-family: Roboto; color: #7a7a7a; background-color: transparent; font-weight: 400; font-style: normal; font-variant: normal; text-decoration: none; vertical-align: baseline; white-space: pre;\"><p dir=\"ltr\" style=\"line-height: 2.16; margin-top: 0pt; margin-bottom: 0pt; background-color: #ffffff;\"><span style=\"font-size: 13pt; font-family: Roboto; color: #7a7a7a; background-color: transparent; font-weight: 400; font-style: normal; font-variant: normal; text-decoration: none; vertical-align: baseline; white-space: pre-wrap;\">Miembro del Colegio de Abogados del Condado de Mecklenburg<\/span><\/p><\/li><li dir=\"ltr\" style=\"list-style-type: disc; font-size: 13pt; font-family: Roboto; color: #7a7a7a; background-color: transparent; font-weight: 400; font-style: normal; font-variant: normal; text-decoration: none; vertical-align: baseline; white-space: pre;\"><p dir=\"ltr\" style=\"line-height: 2.16; margin-top: 0pt; margin-bottom: 13pt; background-color: #ffffff;\"><span style=\"font-size: 13pt; font-family: Roboto; color: #7a7a7a; background-color: transparent; font-weight: 400; font-style: normal; font-variant: normal; text-decoration: none; vertical-align: baseline; white-space: pre-wrap;\">Miembro del Colegio de Abogados de Carolina del Norte<\/span><\/p><\/li><\/ul><p>\u00a0<\/p>\t\t\t\t\t\t\t\t<\/div>\n\t\t\t\t<\/div>\n\t\t\t\t\t<\/div>\n\t\t<\/div>\n\t\t\t\t\t<\/div>\n\t\t<\/section>\n\t\t\t\t<\/div>","protected":false},"excerpt":{"rendered":"<p>Charles William &#8220;Bill&#8221; Grandy Personal Injury Attorney Charles William Grandy III Partner, Grandy &amp; Martin, P.A. 115 East Park Avenue, Suite G Charlotte, North Carolina 28203 Phone: 704-377-2400 Fax: 704-358-3910 bill@grandyandmartin.com Charles William \u201cBill\u201d Grandy is a native of North Carolina, born in Greensboro and raised in Charlotte. He graduated from the University of North [&hellip;]<\/p>\n","protected":false},"author":1,"featured_media":0,"parent":0,"menu_order":0,"comment_status":"closed","ping_status":"closed","template":"elementor_header_footer","meta":{"_monsterinsights_skip_tracking":false,"_monsterinsights_sitenote_active":false,"_monsterinsights_sitenote_note":"","_monsterinsights_sitenote_category":0,"site-sidebar-layout":"default","site-content-layout":"","ast-site-content-layout":"default","site-content-style":"default","site-sidebar-style":"default","ast-global-header-display":"","ast-banner-title-visibility":"","ast-main-header-display":"","ast-hfb-above-header-display":"","ast-hfb-below-header-display":"","ast-hfb-mobile-header-display":"","site-post-title":"","ast-breadcrumbs-content":"","ast-featured-img":"","footer-sml-layout":"","ast-disable-related-posts":"","theme-transparent-header-meta":"","adv-header-id-meta":"","stick-header-meta":"","header-above-stick-meta":"","header-main-stick-meta":"","header-below-stick-meta":"","astra-migrate-meta-layouts":"default","ast-page-background-enabled":"default","ast-page-background-meta":{"desktop":{"background-color":"var(--ast-global-color-4)","background-image":"","background-repeat":"repeat","background-position":"center center","background-size":"auto","background-attachment":"scroll","background-type":"","background-media":"","overlay-type":"","overlay-color":"","overlay-opacity":"","overlay-gradient":""},"tablet":{"background-color":"","background-image":"","background-repeat":"repeat","background-position":"center center","background-size":"auto","background-attachment":"scroll","background-type":"","background-media":"","overlay-type":"","overlay-color":"","overlay-opacity":"","overlay-gradient":""},"mobile":{"background-color":"","background-image":"","background-repeat":"repeat","background-position":"center center","background-size":"auto","background-attachment":"scroll","background-type":"","background-media":"","overlay-type":"","overlay-color":"","overlay-opacity":"","overlay-gradient":""}},"ast-content-background-meta":{"desktop":{"background-color":"var(--ast-global-color-5)","background-image":"","background-repeat":"repeat","background-position":"center center","background-size":"auto","background-attachment":"scroll","background-type":"","background-media":"","overlay-type":"","overlay-color":"","overlay-opacity":"","overlay-gradient":""},"tablet":{"background-color":"var(--ast-global-color-5)","background-image":"","background-repeat":"repeat","background-position":"center center","background-size":"auto","background-attachment":"scroll","background-type":"","background-media":"","overlay-type":"","overlay-color":"","overlay-opacity":"","overlay-gradient":""},"mobile":{"background-color":"var(--ast-global-color-5)","background-image":"","background-repeat":"repeat","background-position":"center center","background-size":"auto","background-attachment":"scroll","background-type":"","background-media":"","overlay-type":"","overlay-color":"","overlay-opacity":"","overlay-gradient":""}},"footnotes":""},"_links":{"self":[{"href":"https:\/\/grandyandmartin.com\/es\/wp-json\/wp\/v2\/pages\/160"}],"collection":[{"href":"https:\/\/grandyandmartin.com\/es\/wp-json\/wp\/v2\/pages"}],"about":[{"href":"https:\/\/grandyandmartin.com\/es\/wp-json\/wp\/v2\/types\/page"}],"author":[{"embeddable":true,"href":"https:\/\/grandyandmartin.com\/es\/wp-json\/wp\/v2\/users\/1"}],"replies":[{"embeddable":true,"href":"https:\/\/grandyandmartin.com\/es\/wp-json\/wp\/v2\/comments?post=160"}],"version-history":[{"count":6,"href":"https:\/\/grandyandmartin.com\/es\/wp-json\/wp\/v2\/pages\/160\/revisions"}],"predecessor-version":[{"id":2265,"href":"https:\/\/grandyandmartin.com\/es\/wp-json\/wp\/v2\/pages\/160\/revisions\/2265"}],"wp:attachment":[{"href":"https:\/\/grandyandmartin.com\/es\/wp-json\/wp\/v2\/media?parent=160"}],"curies":[{"name":"wp","href":"https:\/\/api.w.org\/{rel}","templated":true}]}}