{"id":18,"date":"2019-03-12T19:03:29","date_gmt":"2019-03-12T23:03:29","guid":{"rendered":"https:\/\/grandyandmartin.com\/?page_id=18"},"modified":"2019-10-10T09:17:46","modified_gmt":"2019-10-10T13:17:46","slug":"firm-overview","status":"publish","type":"page","link":"https:\/\/grandyandmartin.com\/es\/firm-overview\/","title":{"rendered":"Descripci\u00f3n de la empresa"},"content":{"rendered":"<div data-elementor-type=\"wp-post\" data-elementor-id=\"18\" class=\"elementor elementor-18\">\n\t\t\t\t\t\t<section class=\"elementor-section elementor-top-section elementor-element elementor-element-67acdc1e elementor-section-content-middle elementor-section-boxed elementor-section-height-default elementor-section-height-default\" data-id=\"67acdc1e\" data-element_type=\"section\">\n\t\t\t\t\t\t<div class=\"elementor-container elementor-column-gap-no\">\n\t\t\t\t\t<div class=\"elementor-column elementor-col-100 elementor-top-column elementor-element elementor-element-5d449dd8\" data-id=\"5d449dd8\" data-element_type=\"column\">\n\t\t\t<div class=\"elementor-widget-wrap elementor-element-populated\">\n\t\t\t\t\t\t<div class=\"elementor-element elementor-element-495a7884 elementor-widget elementor-widget-image\" data-id=\"495a7884\" data-element_type=\"widget\" data-widget_type=\"image.default\">\n\t\t\t\t<div class=\"elementor-widget-container\">\n\t\t\t\t\t\t\t\t\t\t\t\t\t\t\t<img fetchpriority=\"high\" decoding=\"async\" width=\"550\" height=\"278\" src=\"https:\/\/grandyandmartin.com\/wp-content\/uploads\/2019\/03\/grandyand-martin-staff.png\" class=\"attachment-full size-full wp-image-125\" alt=\"Personal Injury and workers&#039; comp lawyers\" srcset=\"https:\/\/grandyandmartin.com\/wp-content\/uploads\/2019\/03\/grandyand-martin-staff.png 550w, https:\/\/grandyandmartin.com\/wp-content\/uploads\/2019\/03\/grandyand-martin-staff-300x152.png 300w\" sizes=\"(max-width: 550px) 100vw, 550px\" \/>\t\t\t\t\t\t\t\t\t\t\t\t\t\t\t<\/div>\n\t\t\t\t<\/div>\n\t\t\t\t<div class=\"elementor-element elementor-element-4a130a6b elementor-widget elementor-widget-heading\" data-id=\"4a130a6b\" data-element_type=\"widget\" data-widget_type=\"heading.default\">\n\t\t\t\t<div class=\"elementor-widget-container\">\n\t\t\t\t\t<h3 class=\"elementor-heading-title elementor-size-default\">Descripci\u00f3n de la empresa<\/h3>\t\t\t\t<\/div>\n\t\t\t\t<\/div>\n\t\t\t\t<div class=\"elementor-element elementor-element-78df1924 elementor-widget elementor-widget-text-editor\" data-id=\"78df1924\" data-element_type=\"widget\" data-widget_type=\"text-editor.default\">\n\t\t\t\t<div class=\"elementor-widget-container\">\n\t\t\t\t\t\t\t\t\t<h6 class=\"font_6\"><span class=\"color_35\">Firma de abogados de lesiones personales y compensaci\u00f3n laboral de Charlotte<br><br><\/span><span class=\"color_35\">En Grandy &amp; Martin, dedicamos nuestros recursos a ayudar a las personas lesionadas a obtener la compensaci\u00f3n que merecen. Cuando experimenta dolor y sufrimiento, nada es m\u00e1s importante que obtener ayuda para tomar decisiones vitales que pueden afectar su recuperaci\u00f3n de una lesi\u00f3n.&nbsp;<br><br><\/span><span class=\"color_35\">Cuando retiene a nuestra firma, obtiene tranquilidad porque est\u00e1 representado por un defensor bien informado. Conocemos sus derechos y tenemos la experiencia para anticipar problemas que pueden afectar el valor de su caso.&nbsp;<\/span><\/h6>\t\t\t\t\t\t\t\t<\/div>\n\t\t\t\t<\/div>\n\t\t\t\t<section class=\"elementor-section elementor-inner-section elementor-element elementor-element-42d2938c elementor-section-boxed elementor-section-height-default elementor-section-height-default\" data-id=\"42d2938c\" data-element_type=\"section\">\n\t\t\t\t\t\t<div class=\"elementor-container elementor-column-gap-default\">\n\t\t\t\t\t<div class=\"elementor-column elementor-col-50 elementor-inner-column elementor-element elementor-element-48a447e4\" data-id=\"48a447e4\" data-element_type=\"column\">\n\t\t\t<div class=\"elementor-widget-wrap elementor-element-populated\">\n\t\t\t\t\t\t<div class=\"elementor-element elementor-element-35166d24 elementor-widget elementor-widget-text-editor\" data-id=\"35166d24\" data-element_type=\"widget\" data-widget_type=\"text-editor.default\">\n\t\t\t\t<div class=\"elementor-widget-container\">\n\t\t\t\t\t\t\t\t\t<p class=\"font_8\"><span class=\"color_35\">Los abogados Charles \u201cBill\u201d Grandy y Kenneth Martin fundaron su firma en 1984 para enfocar sus conocimientos, energ\u00eda y recursos en asuntos de lesiones personales y compensaci\u00f3n de trabajadores. Usted no ser\u00e1 enviado a varios abogados asociados inexpertos como lo ser\u00eda en otras firmas. Todos los clientes estar\u00e1n representados por un abogado con m\u00e1s de 30 a\u00f1os de experiencia en juicios.<\/span><\/p><p class=\"font_8\"><span class=\"color_35\">Nuestros abogados cuentan con el respaldo de un personal amable e informado, que incluye un experimentado equipo de asistentes legales y asistentes legales. Cuando se comunique con nuestra empresa con preguntas o inquietudes, siempre podr\u00e1 hablar con alguien que est\u00e9 familiarizado con su caso.<\/span><\/p>\t\t\t\t\t\t\t\t<\/div>\n\t\t\t\t<\/div>\n\t\t\t\t\t<\/div>\n\t\t<\/div>\n\t\t\t\t<div class=\"elementor-column elementor-col-50 elementor-inner-column elementor-element elementor-element-2383a383\" data-id=\"2383a383\" data-element_type=\"column\">\n\t\t\t<div class=\"elementor-widget-wrap elementor-element-populated\">\n\t\t\t\t\t\t<div class=\"elementor-element elementor-element-3b774583 elementor-widget elementor-widget-text-editor\" data-id=\"3b774583\" data-element_type=\"widget\" data-widget_type=\"text-editor.default\">\n\t\t\t\t<div class=\"elementor-widget-container\">\n\t\t\t\t\t\t\t\t\t<p>Nuestras oficinas est\u00e1n convenientemente ubicadas en South Tryon Street o South Boulevard en la hist\u00f3rica secci\u00f3n Southend de Charlotte, cerca de la estaci\u00f3n Lynx de Bland Street. Somos f\u00e1cilmente accesibles desde las autopistas interestatales 77 y 277, y contamos con estacionamiento gratuito. Tambi\u00e9n podemos hacer arreglos para visitarlo si no puede abandonar su habitaci\u00f3n del hospital o su hogar, o si no puede viajar a nuestra oficina.<\/p><p>Ofrecemos consultas gratuitas y manejamos todos los reclamos en base a una tarifa de contingencia. No cobramos tarifas a menos que aseguremos un acuerdo o veredicto en su nombre. Comun\u00edquese con nosotros para hablar sobre c\u00f3mo podemos ayudarlo a obtener una compensaci\u00f3n justa en su caso de lesiones personales o de compensaci\u00f3n laboral.<\/p>\t\t\t\t\t\t\t\t<\/div>\n\t\t\t\t<\/div>\n\t\t\t\t\t<\/div>\n\t\t<\/div>\n\t\t\t\t\t<\/div>\n\t\t<\/section>\n\t\t\t\t\t<\/div>\n\t\t<\/div>\n\t\t\t\t\t<\/div>\n\t\t<\/section>\n\t\t\t\t<\/div>","protected":false},"excerpt":{"rendered":"<p>Firm Overview Charlotte Personal Injury &amp; Workers&#8217; Compensation Law Firm At Grandy &amp; Martin, we dedicate our resources to help injured people get the compensation they deserve. When you experience pain and suffering, nothing is more important than getting help making vital decisions that can impact your recovery from an injury.&nbsp; When you retain our [&hellip;]<\/p>\n","protected":false},"author":1,"featured_media":0,"parent":0,"menu_order":0,"comment_status":"closed","ping_status":"closed","template":"elementor_header_footer","meta":{"_monsterinsights_skip_tracking":false,"_monsterinsights_sitenote_active":false,"_monsterinsights_sitenote_note":"","_monsterinsights_sitenote_category":0,"site-sidebar-layout":"default","site-content-layout":"","ast-site-content-layout":"default","site-content-style":"default","site-sidebar-style":"default","ast-global-header-display":"","ast-banner-title-visibility":"","ast-main-header-display":"","ast-hfb-above-header-display":"","ast-hfb-below-header-display":"","ast-hfb-mobile-header-display":"","site-post-title":"","ast-breadcrumbs-content":"","ast-featured-img":"","footer-sml-layout":"","ast-disable-related-posts":"","theme-transparent-header-meta":"","adv-header-id-meta":"","stick-header-meta":"","header-above-stick-meta":"","header-main-stick-meta":"","header-below-stick-meta":"","astra-migrate-meta-layouts":"default","ast-page-background-enabled":"default","ast-page-background-meta":{"desktop":{"background-color":"var(--ast-global-color-4)","background-image":"","background-repeat":"repeat","background-position":"center center","background-size":"auto","background-attachment":"scroll","background-type":"","background-media":"","overlay-type":"","overlay-color":"","overlay-opacity":"","overlay-gradient":""},"tablet":{"background-color":"","background-image":"","background-repeat":"repeat","background-position":"center center","background-size":"auto","background-attachment":"scroll","background-type":"","background-media":"","overlay-type":"","overlay-color":"","overlay-opacity":"","overlay-gradient":""},"mobile":{"background-color":"","background-image":"","background-repeat":"repeat","background-position":"center center","background-size":"auto","background-attachment":"scroll","background-type":"","background-media":"","overlay-type":"","overlay-color":"","overlay-opacity":"","overlay-gradient":""}},"ast-content-background-meta":{"desktop":{"background-color":"var(--ast-global-color-5)","background-image":"","background-repeat":"repeat","background-position":"center center","background-size":"auto","background-attachment":"scroll","background-type":"","background-media":"","overlay-type":"","overlay-color":"","overlay-opacity":"","overlay-gradient":""},"tablet":{"background-color":"var(--ast-global-color-5)","background-image":"","background-repeat":"repeat","background-position":"center center","background-size":"auto","background-attachment":"scroll","background-type":"","background-media":"","overlay-type":"","overlay-color":"","overlay-opacity":"","overlay-gradient":""},"mobile":{"background-color":"var(--ast-global-color-5)","background-image":"","background-repeat":"repeat","background-position":"center center","background-size":"auto","background-attachment":"scroll","background-type":"","background-media":"","overlay-type":"","overlay-color":"","overlay-opacity":"","overlay-gradient":""}},"footnotes":""},"_links":{"self":[{"href":"https:\/\/grandyandmartin.com\/es\/wp-json\/wp\/v2\/pages\/18"}],"collection":[{"href":"https:\/\/grandyandmartin.com\/es\/wp-json\/wp\/v2\/pages"}],"about":[{"href":"https:\/\/grandyandmartin.com\/es\/wp-json\/wp\/v2\/types\/page"}],"author":[{"embeddable":true,"href":"https:\/\/grandyandmartin.com\/es\/wp-json\/wp\/v2\/users\/1"}],"replies":[{"embeddable":true,"href":"https:\/\/grandyandmartin.com\/es\/wp-json\/wp\/v2\/comments?post=18"}],"version-history":[{"count":5,"href":"https:\/\/grandyandmartin.com\/es\/wp-json\/wp\/v2\/pages\/18\/revisions"}],"predecessor-version":[{"id":2235,"href":"https:\/\/grandyandmartin.com\/es\/wp-json\/wp\/v2\/pages\/18\/revisions\/2235"}],"wp:attachment":[{"href":"https:\/\/grandyandmartin.com\/es\/wp-json\/wp\/v2\/media?parent=18"}],"curies":[{"name":"wp","href":"https:\/\/api.w.org\/{rel}","templated":true}]}}